{"id":198,"date":"2016-04-09T20:54:05","date_gmt":"2016-04-09T20:54:05","guid":{"rendered":"http:\/\/clapat.ro\/themes\/soho-wordpress\/?page_id=198"},"modified":"2024-02-27T17:41:55","modified_gmt":"2024-02-27T17:41:55","slug":"about","status":"publish","type":"page","link":"https:\/\/aiocloud.es\/?page_id=198","title":{"rendered":"Centro de Datos"},"content":{"rendered":"<p>[vc_row el_class=\u00bbsmall text-align-center\u00bb css=\u00bb.vc_custom_1460235377418{padding-top: 150px !important;padding-bottom: 150px !important;}\u00bb][vc_column]<h2>Cloud Servers Integrales<\/h2>[vc_column_text css=\u00bb.vc_custom_1708282724268{margin-top: 30px !important;}\u00bb]La tecnolog\u00eda Cloud supera en eficiencia a entornos tradicionales, ofreciendo una soluci\u00f3n \u00fanica, permite estar siempre disponible, tener la m\u00e1xima flexibilidad para dimensionar tus necesidades a cada momento y pagar solo por aquellos recursos que consumes. Alta disponibilidad respaldada por tecnolog\u00edas innovadoras, cabinas de almacenamiento y avanzados sistemas de balanceo de carga.[\/vc_column_text][\/vc_column][\/vc_row][vc_row el_class=\u00bbfull\u00bb][vc_column]<div class=\"team-carousel\"><div class=\"team-member-carousel\" style=\"background-image:url(https:\/\/aiocloud.es\/wp-content\/uploads\/2024\/02\/cellnex.jpg);\"><div class=\"team-overflow-carousel\"><div class=\"inner\"><p class=\"bigger\">Cellnex<\/p><p class=\"team-function\">Conectividad<\/p><div class=\"bottom-team\"><ul class=\"socials\"><li><a href=\"https:\/\/www.cellnex.com\/es-es\/\" target=\"_blank\"><i class=\"fa fa-globe\"><\/i><\/a><\/li> <\/ul><div class=\"icon-scroll-line\"><\/div><\/div><\/div><\/div><\/div><div class=\"team-member-carousel\" style=\"background-image:url(https:\/\/aiocloud.es\/wp-content\/uploads\/2024\/02\/bitnap-1.jpg);\"><div class=\"team-overflow-carousel\"><div class=\"inner\"><p class=\"bigger\">bitNAP<\/p><p class=\"team-function\">Primary Data Center<\/p><div class=\"bottom-team\"><ul class=\"socials\"><li><a href=\"https:\/\/bitnap.net\/\" target=\"_blank\"><i class=\"fa fa-globe\"><\/i><\/a><\/li> <\/ul><div class=\"icon-scroll-line\"><\/div><\/div><\/div><\/div><\/div><div class=\"team-member-carousel\" style=\"background-image:url(https:\/\/aiocloud.es\/wp-content\/uploads\/2024\/02\/screen-shot-2015-06-24-at-11-54-41-am.png);\"><div class=\"team-overflow-carousel\"><div class=\"inner\"><p class=\"bigger\">Amazon<\/p><p class=\"team-function\">Web Services<\/p><div class=\"bottom-team\"><ul class=\"socials\"><li><a href=\"https:\/\/aws.amazon.com\/es\/?nc2=h_lg\" target=\"_blank\"><i class=\"fa fa-globe\"><\/i><\/a><\/li> <\/ul><div class=\"icon-scroll-line\"><\/div><\/div><\/div><\/div><\/div><div class=\"team-member-carousel\" style=\"background-image:url(https:\/\/aiocloud.es\/wp-content\/uploads\/2024\/02\/byteupoffice.png);\"><div class=\"team-overflow-carousel\"><div class=\"inner\"><p class=\"bigger\">Byte Up<\/p><p class=\"team-function\">Systems Developer<\/p><div class=\"bottom-team\"><ul class=\"socials\"><li><a href=\"https:\/\/byteup.es\/\" target=\"_blank\"><i class=\"fa fa-globe\"><\/i><\/a><\/li> <\/ul><div class=\"icon-scroll-line\"><\/div><\/div><\/div><\/div><\/div><\/div>[\/vc_column][\/vc_row][vc_row css=\u00bb.vc_custom_1460236321479{padding-top: 150px !important;padding-bottom: 150px !important;}\u00bb][vc_column width=\u00bb1\/2&#8243;]<h2>Nuestro Compromiso<\/h2>[vc_column_text]Para ofrecer el mejor servicio de atenci\u00f3n al cliente y mantenimiento de sistemas, contamos con los mejores profesionales para cada especialidad.[\/vc_column_text][\/vc_column][vc_column width=\u00bb1\/2&#8243;]<ul class=\"progress-bar\"><li><p>Tiempo de Respuesta<\/p><div class=\"bar-wrap\"><span data-width=\"85\"><strong><i>85<\/i>%<\/strong> <\/span><\/div><\/li><li><p>Media de Recuperaci\u00f3n<\/p><div class=\"bar-wrap\"><span data-width=\"95\"><strong><i>95<\/i>%<\/strong> <\/span><\/div><\/li><li><p>Prevenci\u00f3n Ataques<\/p><div class=\"bar-wrap\"><span data-width=\"90\"><strong><i>90<\/i>%<\/strong> <\/span><\/div><\/li><\/ul>[\/vc_column][\/vc_row][vc_row el_class=\u00bbfull light-content\u00bb css=\u00bb.vc_custom_1460237303107{margin-top: 0px !important;margin-right: 0px !important;margin-bottom: 0px !important;margin-left: 0px !important;border-top-width: 0px !important;border-right-width: 0px !important;border-bottom-width: 0px !important;border-left-width: 0px !important;padding-top: 0px !important;padding-right: 0px !important;padding-bottom: 0px !important;padding-left: 0px !important;background-color: #222222 !important;}\u00bb][vc_column width=\u00bb1\/3&#8243; css=\u00bb.vc_custom_1460237056138{margin: 0px !important;border-width: 0px !important;padding: 0px !important;}\u00bb][vc_single_image image=\u00bb661&#8243; img_size=\u00bbfull\u00bb alignment=\u00bbcenter\u00bb][\/vc_column][vc_column width=\u00bb1\/3&#8243; css=\u00bb.vc_custom_1460237338257{margin: 0px !important;border-width: 0px !important;padding: 60px !important;}\u00bb]<h4>Con capacidades avanzadas de administraci\u00f3n de sistemas, un chasis compacto, caracter\u00edsticas de alta disponibilidad y redundancia, y grandes cantidades de capacidad de almacenamiento interno.<\/h4>[vc_column_text el_class=\u00bbsmaller\u00bb][\/vc_column_text][\/vc_column][vc_column width=\u00bb1\/3&#8243; css=\u00bb.vc_custom_1460237071097{margin: 0px !important;border-width: 0px !important;padding: 0px !important;}\u00bb][vc_single_image image=\u00bb662&#8243; img_size=\u00bbfull\u00bb][\/vc_column][\/vc_row][vc_row el_class=\u00bbfull light-content\u00bb css=\u00bb.vc_custom_1460237438594{margin: 0px !important;border-width: 0px !important;padding: 0px !important;background-color: #222222 !important;}\u00bb][vc_column width=\u00bb1\/3&#8243; css=\u00bb.vc_custom_1460237056138{margin: 0px !important;border-width: 0px !important;padding: 0px !important;}\u00bb][vc_single_image image=\u00bb656&#8243; img_size=\u00bbfull\u00bb alignment=\u00bbcenter\u00bb][\/vc_column][vc_column width=\u00bb1\/3&#8243; css=\u00bb.vc_custom_1460237064159{margin: 0px !important;border-width: 0px !important;padding: 0px !important;}\u00bb][vc_single_image image=\u00bb658&#8243; img_size=\u00bbfull\u00bb alignment=\u00bbcenter\u00bb][\/vc_column][vc_column width=\u00bb1\/3&#8243; css=\u00bb.vc_custom_1460237447538{margin: 0px !important;border-width: 0px !important;padding: 60px !important;}\u00bb]<h4>SSD de clase empresarial con un rendimiento optimizado para cargas de trabajo muy elevadas y con tecnolog\u00eda de protecci\u00f3n mejorada.<\/h4>[vc_column_text el_class=\u00bbsmaller\u00bb][\/vc_column_text][\/vc_column][\/vc_row][vc_row el_class=\u00bbfull light-content\u00bb css=\u00bb.vc_custom_1460237473866{margin-top: 0px !important;margin-right: 0px !important;margin-bottom: 0px !important;margin-left: 0px !important;border-top-width: 0px !important;border-right-width: 0px !important;border-bottom-width: 0px !important;border-left-width: 0px !important;padding-top: 0px !important;padding-right: 0px !important;padding-bottom: 0px !important;padding-left: 0px !important;background-color: #222222 !important;}\u00bb][vc_column width=\u00bb1\/3&#8243; css=\u00bb.vc_custom_1460237484050{margin: 0px !important;border-width: 0px !important;padding: 60px !important;}\u00bb]<h4>Firewall integrado para filtrar por direcciones IP, puerto TCP\/UDP, con soporte VRF y ECMP y protocolo de distribuci\u00f3n de etiquetas (Multiprotocol Label Switching).<\/h4>[vc_column_text el_class=\u00bbsmaller\u00bb][\/vc_column_text][\/vc_column][vc_column width=\u00bb1\/3&#8243; css=\u00bb.vc_custom_1460237064159{margin: 0px !important;border-width: 0px !important;padding: 0px !important;}\u00bb][vc_single_image image=\u00bb668&#8243; img_size=\u00bbfull\u00bb alignment=\u00bbcenter\u00bb][\/vc_column][vc_column width=\u00bb1\/3&#8243; css=\u00bb.vc_custom_1460237071097{margin: 0px !important;border-width: 0px !important;padding: 0px !important;}\u00bb][vc_single_image image=\u00bb559&#8243; img_size=\u00bbfull\u00bb alignment=\u00bbcenter\u00bb][\/vc_column][\/vc_row][vc_row css=\u00bb.vc_custom_1460237894001{padding-top: 150px !important;padding-bottom: 100px !important;}\u00bb][vc_column]<div class=\"clients-carousel\"><li><a href=\"https:\/\/www.dell.com\/es-es\" target=\"_blank\"><img decoding=\"async\" src=\"https:\/\/aiocloud.es\/wp-content\/uploads\/2024\/02\/dell_logo.png\" alt=\"client\"><\/a><\/li><li><a href=\"https:\/\/www.sophos.com\/es-es\" target=\"_blank\"><img decoding=\"async\" src=\"https:\/\/aiocloud.es\/wp-content\/uploads\/2024\/02\/Sophos_logo2.png\" alt=\"client\"><\/a><\/li><li><a href=\"https:\/\/www.westerndigital.com\/es-es\/\" target=\"_blank\"><img decoding=\"async\" src=\"https:\/\/aiocloud.es\/wp-content\/uploads\/2024\/02\/Western_Digital_logo.png\" alt=\"client\"><\/a><\/li><li><a href=\"https:\/\/www.cisco.com\/c\/es_es\/index.html\" target=\"_blank\"><img decoding=\"async\" src=\"https:\/\/aiocloud.es\/wp-content\/uploads\/2024\/02\/cisco_logo.png\" alt=\"client\"><\/a><\/li><li><a href=\"https:\/\/mikrotik.com\/\" target=\"_blank\"><img decoding=\"async\" src=\"https:\/\/aiocloud.es\/wp-content\/uploads\/2024\/02\/MikroTik_Logo_2022.svg.png\" alt=\"client\"><\/a><\/li><li><a href=\"https:\/\/aws.amazon.com\/es\/?nc2=h_lg\" target=\"_blank\"><img decoding=\"async\" src=\"https:\/\/aiocloud.es\/wp-content\/uploads\/2024\/02\/logo-aws-transp.png\" alt=\"client\"><\/a><\/li><li><a href=\"https:\/\/www.intel.la\/content\/www\/xl\/es\/homepage.html\" target=\"_blank\"><img decoding=\"async\" src=\"https:\/\/aiocloud.es\/wp-content\/uploads\/2024\/02\/Intel_logo_2023.svg.png\" alt=\"client\"><\/a><\/li><\/div>[\/vc_column][\/vc_row][vc_row el_class=\u00bbfull\u00bb][vc_column]<div class=\"classic-slider flexslider\"><ul class=\"slides\"><li><img decoding=\"async\" src=\"https:\/\/aiocloud.es\/wp-content\/uploads\/2016\/04\/11-1.jpg\" alt=\"\" \/><\/li><li><img decoding=\"async\" src=\"https:\/\/aiocloud.es\/wp-content\/uploads\/2016\/04\/12-2.jpg\" alt=\"\" \/><\/li><li><img decoding=\"async\" src=\"https:\/\/aiocloud.es\/wp-content\/uploads\/2016\/04\/13-1.jpg\" alt=\"\" \/><\/li><\/ul><\/div>[\/vc_column][\/vc_row]<\/p>\n","protected":false},"excerpt":{"rendered":"<p>[vc_row el_class=\u00bbsmall text-align-center\u00bb css=\u00bb.vc_custom_1460235377418{padding-top: 150px !important;padding-bottom: 150px !important;}\u00bb][vc_column][vc_column_text css=\u00bb.vc_custom_1708282724268{margin-top: 30px !important;}\u00bb]La tecnolog\u00eda Cloud supera en eficiencia a entornos tradicionales, ofreciendo una soluci\u00f3n \u00fanica, permite estar siempre disponible, tener la m\u00e1xima flexibilidad para dimensionar tus necesidades a cada momento y pagar solo por aquellos recursos que consumes. Alta disponibilidad respaldada por tecnolog\u00edas innovadoras, cabinas de almacenamiento [&hellip;]<\/p>\n","protected":false},"author":2,"featured_media":488,"parent":0,"menu_order":0,"comment_status":"closed","ping_status":"closed","template":"","meta":{"footnotes":""},"_links":{"self":[{"href":"https:\/\/aiocloud.es\/index.php?rest_route=\/wp\/v2\/pages\/198"}],"collection":[{"href":"https:\/\/aiocloud.es\/index.php?rest_route=\/wp\/v2\/pages"}],"about":[{"href":"https:\/\/aiocloud.es\/index.php?rest_route=\/wp\/v2\/types\/page"}],"author":[{"embeddable":true,"href":"https:\/\/aiocloud.es\/index.php?rest_route=\/wp\/v2\/users\/2"}],"replies":[{"embeddable":true,"href":"https:\/\/aiocloud.es\/index.php?rest_route=%2Fwp%2Fv2%2Fcomments&post=198"}],"version-history":[{"count":62,"href":"https:\/\/aiocloud.es\/index.php?rest_route=\/wp\/v2\/pages\/198\/revisions"}],"predecessor-version":[{"id":672,"href":"https:\/\/aiocloud.es\/index.php?rest_route=\/wp\/v2\/pages\/198\/revisions\/672"}],"wp:featuredmedia":[{"embeddable":true,"href":"https:\/\/aiocloud.es\/index.php?rest_route=\/wp\/v2\/media\/488"}],"wp:attachment":[{"href":"https:\/\/aiocloud.es\/index.php?rest_route=%2Fwp%2Fv2%2Fmedia&parent=198"}],"curies":[{"name":"wp","href":"https:\/\/api.w.org\/{rel}","templated":true}]}}